{"id":1885,"date":"2020-10-16T18:54:39","date_gmt":"2020-10-16T21:54:39","guid":{"rendered":"https:\/\/solutio.ind.br\/site\/?post_type=product&#038;p=1885"},"modified":"2020-12-11T12:05:01","modified_gmt":"2020-12-11T15:05:01","slug":"sol-l-701b-6","status":"publish","type":"product","link":"https:\/\/solutio.ind.br\/site\/produto\/sol-l-701b-6\/","title":{"rendered":"SOL L 701 B\/6 Shampoo para as m\u00e3os"},"content":{"rendered":"","protected":false},"excerpt":{"rendered":"<p><strong>Sabonete l\u00edquido para sujeiras pesadas.<\/strong><\/p>\n<p>O SOL L 701\/B6 \u00e9 um shampoo concentrado, formulado com mat\u00e9rias-primas criteriosamente selecionadas e que n\u00e3o agridem a pele, para a limpeza das m\u00e3os. O produto evita o uso coletivo de sab\u00f5es em barra ou pastilhas. Pode ser utilizado em f\u00e1bricas, restaurantes, cl\u00ednicas, escrit\u00f3rios, cinemas, entre outros locais. Deve ser armazenado em saboneteira ou dispenser.<\/p>\n<p><a href=\"https:\/\/solutio.ind.br\/site\/categoria-produto\/linha\/produtos-para-limpeza-industrial-linha-sol-l\/\"><span style=\"font-weight: 400;\">PRODUTOS PARA LIMPEZA INDUSTRIAL &#8211; LINHA SOL L<\/span><\/a><\/p>\n<p><span style=\"font-weight: 400;\">Segmentos: <\/span><a href=\"https:\/\/solutio.ind.br\/site\/categoria-produto\/segmentos\/agronegocio\/\"><span style=\"font-weight: 400;\">Agroneg\u00f3cio<\/span><\/a><span style=\"font-weight: 400;\">, <\/span><a href=\"https:\/\/solutio.ind.br\/site\/categoria-produto\/segmentos\/alimenticia\/\"><span style=\"font-weight: 400;\">Aliment\u00edcia<\/span><\/a><span style=\"font-weight: 400;\">, <\/span><a href=\"https:\/\/solutio.ind.br\/site\/categoria-produto\/segmentos\/autopecas\/\"><span style=\"font-weight: 400;\">Autope\u00e7as<\/span><\/a><span style=\"font-weight: 400;\">, <\/span><a href=\"https:\/\/solutio.ind.br\/site\/categoria-produto\/segmentos\/calderaria\/\"><span style=\"font-weight: 400;\">Calderaria<\/span><\/a><span style=\"font-weight: 400;\">, <\/span><a href=\"https:\/\/solutio.ind.br\/site\/categoria-produto\/segmentos\/eolica\/\"><span style=\"font-weight: 400;\">E\u00f3lica<\/span><\/a><span style=\"font-weight: 400;\">, <\/span><a href=\"https:\/\/solutio.ind.br\/site\/categoria-produto\/segmentos\/farmaceutica\/\"><span style=\"font-weight: 400;\">Farmac\u00eautica<\/span><\/a><span style=\"font-weight: 400;\">, <\/span><a href=\"https:\/\/solutio.ind.br\/site\/categoria-produto\/segmentos\/frigorificos\/\"><span style=\"font-weight: 400;\">Frigor\u00edficos<\/span><\/a><span style=\"font-weight: 400;\">, <\/span><a href=\"https:\/\/solutio.ind.br\/site\/categoria-produto\/segmentos\/hospitalar\/\"><span style=\"font-weight: 400;\">Hospitalar<\/span><\/a><span style=\"font-weight: 400;\">, <\/span><a href=\"https:\/\/solutio.ind.br\/site\/categoria-produto\/segmentos\/hotelaria\/\"><span style=\"font-weight: 400;\">Hotelaria<\/span><\/a><span style=\"font-weight: 400;\">, <\/span><a href=\"https:\/\/solutio.ind.br\/site\/categoria-produto\/segmentos\/industria-aeronautica\/\"><span style=\"font-weight: 400;\">Ind\u00fastria aeron\u00e1utica<\/span><\/a><span style=\"font-weight: 400;\">, <\/span><a href=\"https:\/\/solutio.ind.br\/site\/categoria-produto\/segmentos\/industria-de-plasticos\/\"><span style=\"font-weight: 400;\">Ind\u00fastria de Pl\u00e1sticos<\/span><\/a><span style=\"font-weight: 400;\">, <\/span><a href=\"https:\/\/solutio.ind.br\/site\/categoria-produto\/segmentos\/industria-naval\/\"><span style=\"font-weight: 400;\">Ind\u00fastria Naval<\/span><\/a><span style=\"font-weight: 400;\">, <\/span><a href=\"https:\/\/solutio.ind.br\/site\/categoria-produto\/segmentos\/lavanderia-industrial\/\"><span style=\"font-weight: 400;\">Lavanderia Industrial<\/span><\/a><span style=\"font-weight: 400;\">, <\/span><a href=\"https:\/\/solutio.ind.br\/site\/categoria-produto\/segmentos\/manutencao-predial\/\"><span style=\"font-weight: 400;\">Manuten\u00e7\u00e3o Predial<\/span><\/a><span style=\"font-weight: 400;\">, <\/span><a href=\"https:\/\/solutio.ind.br\/site\/categoria-produto\/segmentos\/metalurgia\/\"><span style=\"font-weight: 400;\">Metalurgia<\/span><\/a><span style=\"font-weight: 400;\">, <\/span><a href=\"https:\/\/solutio.ind.br\/site\/categoria-produto\/segmentos\/refrigeracao\/\"><span style=\"font-weight: 400;\">Refrigera\u00e7\u00e3o<\/span><\/a><span style=\"font-weight: 400;\">, <\/span><a href=\"https:\/\/solutio.ind.br\/site\/categoria-produto\/segmentos\/siderurgia\/\"><span style=\"font-weight: 400;\">Siderurgia<\/span><\/a><span style=\"font-weight: 400;\">, <\/span><a href=\"https:\/\/solutio.ind.br\/site\/categoria-produto\/segmentos\/tintas\/\"><span style=\"font-weight: 400;\">Tintas<\/span><\/a><\/p>\n","protected":false},"featured_media":1931,"template":"","meta":{"om_disable_all_campaigns":false},"product_cat":[70,72,60,87,76,73,89,83,86,79,77,85,81,78,82,90,80,75,88,74,84],"product_tag":[363,364,365,362],"class_list":{"0":"post-1885","1":"product","2":"type-product","3":"status-publish","4":"has-post-thumbnail","6":"product_cat-tratamento-para-torres-de-resfriamento-e-cadeiras","7":"product_cat-produtos-para-limpeza-industrial","8":"product_cat-produtos-para-limpeza-industrial-linha-sol-l","9":"product_cat-agronegocio","10":"product_cat-alimenticia","11":"product_cat-autopecas","12":"product_cat-calderaria","13":"product_cat-eolica","14":"product_cat-farmaceutica","15":"product_cat-frigorificos","16":"product_cat-hospitalar","17":"product_cat-hotelaria","18":"product_cat-industria-aeronautica","19":"product_cat-industria-de-plasticos","20":"product_cat-industria-naval","21":"product_cat-lavanderia-industrial","22":"product_cat-manutencao-predial","23":"product_cat-metalurgia","24":"product_cat-refrigeracao","25":"product_cat-siderurgia","26":"product_cat-tintas","27":"product_tag-sabonete-liquido","28":"product_tag-sabonete-liquido-para-sujeiras-pesadas","29":"product_tag-shampoo-liquido-para-sujeiras-pesadas","30":"product_tag-shampoo-para-as-maos","32":"first","33":"instock","34":"shipping-taxable","35":"product-type-simple"},"_links":{"self":[{"href":"https:\/\/solutio.ind.br\/site\/wp-json\/wp\/v2\/product\/1885","targetHints":{"allow":["GET"]}}],"collection":[{"href":"https:\/\/solutio.ind.br\/site\/wp-json\/wp\/v2\/product"}],"about":[{"href":"https:\/\/solutio.ind.br\/site\/wp-json\/wp\/v2\/types\/product"}],"wp:featuredmedia":[{"embeddable":true,"href":"https:\/\/solutio.ind.br\/site\/wp-json\/wp\/v2\/media\/1931"}],"wp:attachment":[{"href":"https:\/\/solutio.ind.br\/site\/wp-json\/wp\/v2\/media?parent=1885"}],"wp:term":[{"taxonomy":"product_cat","embeddable":true,"href":"https:\/\/solutio.ind.br\/site\/wp-json\/wp\/v2\/product_cat?post=1885"},{"taxonomy":"product_tag","embeddable":true,"href":"https:\/\/solutio.ind.br\/site\/wp-json\/wp\/v2\/product_tag?post=1885"}],"curies":[{"name":"wp","href":"https:\/\/api.w.org\/{rel}","templated":true}]}}