{"id":1611,"date":"2020-09-11T16:42:59","date_gmt":"2020-09-11T19:42:59","guid":{"rendered":"https:\/\/solutio.ind.br\/site\/?post_type=product&#038;p=1611"},"modified":"2020-10-16T19:10:48","modified_gmt":"2020-10-16T22:10:48","slug":"sol-l-706-detergente-concentrado-biodegradavel","status":"publish","type":"product","link":"https:\/\/solutio.ind.br\/site\/produto\/sol-l-706-detergente-concentrado-biodegradavel\/","title":{"rendered":"SOL L 706 &#8211; Detergente concentrado biodegrad\u00e1vel"},"content":{"rendered":"","protected":false},"excerpt":{"rendered":"<h4>Para limpeza de utens\u00edlios de cozinha industrial<\/h4>\n<p>O detergente concentrado SOL L 706 combina tensoativos ani\u00f4nicos e n\u00e3o i\u00f4nicos presentes em sua formula\u00e7\u00e3o. Foi desenvolvido com mat\u00e9rias-primas selecionadas que proporcionam r\u00e1pida e eficiente remo\u00e7\u00e3o das gorduras de origem animal e vegetal. Penetra, emulsiona e desagrega as part\u00edculas em quest\u00e3o de segundos, permitindo remo\u00e7\u00e3o com um simples enxaguar. \u00c9 indicado para restaurantes, bares, cozinhas residenciais e industriais. Pode ser usado puro ou com dilui\u00e7\u00e3o de 20 a 50%, dependendo do uso<\/p>\n<p><a href=\"https:\/\/solutio.ind.br\/site\/categoria-produto\/linha\/produtos-para-limpeza-industrial-linha-sol-l\/\"><span style=\"font-weight: 400;\">PRODUTOS PARA LIMPEZA INDUSTRIAL &#8211; LINHA SOL L<\/span><\/a><\/p>\n<p><span style=\"font-weight: 400;\">Segmentos: <\/span><a href=\"https:\/\/solutio.ind.br\/site\/categoria-produto\/segmentos\/agronegocio\/\"><span style=\"font-weight: 400;\">Agroneg\u00f3cio<\/span><\/a><span style=\"font-weight: 400;\">, <\/span><a href=\"https:\/\/solutio.ind.br\/site\/categoria-produto\/segmentos\/alimenticia\/\"><span style=\"font-weight: 400;\">Aliment\u00edcia<\/span><\/a><span style=\"font-weight: 400;\">, <\/span><a href=\"https:\/\/solutio.ind.br\/site\/categoria-produto\/segmentos\/autopecas\/\"><span style=\"font-weight: 400;\">Autope\u00e7as<\/span><\/a><span style=\"font-weight: 400;\">, <\/span><a href=\"https:\/\/solutio.ind.br\/site\/categoria-produto\/segmentos\/calderaria\/\"><span style=\"font-weight: 400;\">Calderaria<\/span><\/a><span style=\"font-weight: 400;\">, <\/span><a href=\"https:\/\/solutio.ind.br\/site\/categoria-produto\/segmentos\/eolica\/\"><span style=\"font-weight: 400;\">E\u00f3lica<\/span><\/a><span style=\"font-weight: 400;\">, <\/span><a href=\"https:\/\/solutio.ind.br\/site\/categoria-produto\/segmentos\/farmaceutica\/\"><span style=\"font-weight: 400;\">Farmac\u00eautica<\/span><\/a><span style=\"font-weight: 400;\">, <\/span><a href=\"https:\/\/solutio.ind.br\/site\/categoria-produto\/segmentos\/frigorificos\/\"><span style=\"font-weight: 400;\">Frigor\u00edficos<\/span><\/a><span style=\"font-weight: 400;\">, <\/span><a href=\"https:\/\/solutio.ind.br\/site\/categoria-produto\/segmentos\/hospitalar\/\"><span style=\"font-weight: 400;\">Hospitalar<\/span><\/a><span style=\"font-weight: 400;\">, <\/span><a href=\"https:\/\/solutio.ind.br\/site\/categoria-produto\/segmentos\/hotelaria\/\"><span style=\"font-weight: 400;\">Hotelaria<\/span><\/a><span style=\"font-weight: 400;\">, <\/span><a href=\"https:\/\/solutio.ind.br\/site\/categoria-produto\/segmentos\/industria-aeronautica\/\"><span style=\"font-weight: 400;\">Ind\u00fastria aeron\u00e1utica<\/span><\/a><span style=\"font-weight: 400;\">, <\/span><a href=\"https:\/\/solutio.ind.br\/site\/categoria-produto\/segmentos\/industria-de-plasticos\/\"><span style=\"font-weight: 400;\">Ind\u00fastria de Pl\u00e1sticos<\/span><\/a><span style=\"font-weight: 400;\">, <\/span><a href=\"https:\/\/solutio.ind.br\/site\/categoria-produto\/segmentos\/industria-naval\/\"><span style=\"font-weight: 400;\">Ind\u00fastria Naval<\/span><\/a><span style=\"font-weight: 400;\">, <\/span><a href=\"https:\/\/solutio.ind.br\/site\/categoria-produto\/segmentos\/lavanderia-industrial\/\"><span style=\"font-weight: 400;\">Lavanderia Industrial<\/span><\/a><span style=\"font-weight: 400;\">, <\/span><a href=\"https:\/\/solutio.ind.br\/site\/categoria-produto\/segmentos\/manutencao-predial\/\"><span style=\"font-weight: 400;\">Manuten\u00e7\u00e3o Predial<\/span><\/a><span style=\"font-weight: 400;\">, <\/span><a href=\"https:\/\/solutio.ind.br\/site\/categoria-produto\/segmentos\/metalurgia\/\"><span style=\"font-weight: 400;\">Metalurgia<\/span><\/a><span style=\"font-weight: 400;\">, <\/span><a href=\"https:\/\/solutio.ind.br\/site\/categoria-produto\/segmentos\/refrigeracao\/\"><span style=\"font-weight: 400;\">Refrigera\u00e7\u00e3o<\/span><\/a><span style=\"font-weight: 400;\">, <\/span><a href=\"https:\/\/solutio.ind.br\/site\/categoria-produto\/segmentos\/siderurgia\/\"><span style=\"font-weight: 400;\">Siderurgia<\/span><\/a><span style=\"font-weight: 400;\">, <\/span><a href=\"https:\/\/solutio.ind.br\/site\/categoria-produto\/segmentos\/tintas\/\"><span style=\"font-weight: 400;\">Tintas<\/span><\/a><\/p>\n","protected":false},"featured_media":0,"template":"","meta":{"om_disable_all_campaigns":false},"product_cat":[72,70,60,87,76,73,89,83,86,79,77,85,81,78,82,90,80,75,88,74,84],"product_tag":[375,374,377,376],"class_list":{"0":"post-1611","1":"product","2":"type-product","3":"status-publish","5":"product_cat-produtos-para-limpeza-industrial","6":"product_cat-tratamento-para-torres-de-resfriamento-e-cadeiras","7":"product_cat-produtos-para-limpeza-industrial-linha-sol-l","8":"product_cat-agronegocio","9":"product_cat-alimenticia","10":"product_cat-autopecas","11":"product_cat-calderaria","12":"product_cat-eolica","13":"product_cat-farmaceutica","14":"product_cat-frigorificos","15":"product_cat-hospitalar","16":"product_cat-hotelaria","17":"product_cat-industria-aeronautica","18":"product_cat-industria-de-plasticos","19":"product_cat-industria-naval","20":"product_cat-lavanderia-industrial","21":"product_cat-manutencao-predial","22":"product_cat-metalurgia","23":"product_cat-refrigeracao","24":"product_cat-siderurgia","25":"product_cat-tintas","26":"product_tag-detergente-biodegradavel-para-a-cozinha","27":"product_tag-detergente-concentrado-para-a-cozinha","28":"product_tag-detergente-para-limpeza-de-pratos-e-copos","29":"product_tag-detergente-para-utensilios-de-cozinha","31":"first","32":"instock","33":"shipping-taxable","34":"product-type-simple"},"_links":{"self":[{"href":"https:\/\/solutio.ind.br\/site\/wp-json\/wp\/v2\/product\/1611","targetHints":{"allow":["GET"]}}],"collection":[{"href":"https:\/\/solutio.ind.br\/site\/wp-json\/wp\/v2\/product"}],"about":[{"href":"https:\/\/solutio.ind.br\/site\/wp-json\/wp\/v2\/types\/product"}],"wp:attachment":[{"href":"https:\/\/solutio.ind.br\/site\/wp-json\/wp\/v2\/media?parent=1611"}],"wp:term":[{"taxonomy":"product_cat","embeddable":true,"href":"https:\/\/solutio.ind.br\/site\/wp-json\/wp\/v2\/product_cat?post=1611"},{"taxonomy":"product_tag","embeddable":true,"href":"https:\/\/solutio.ind.br\/site\/wp-json\/wp\/v2\/product_tag?post=1611"}],"curies":[{"name":"wp","href":"https:\/\/api.w.org\/{rel}","templated":true}]}}