{"id":1602,"date":"2020-09-11T11:30:48","date_gmt":"2020-09-11T14:30:48","guid":{"rendered":"https:\/\/solutio.ind.br\/site\/?post_type=product&#038;p=1602"},"modified":"2020-10-14T20:05:45","modified_gmt":"2020-10-14T23:05:45","slug":"sol-sd-84-desengraxante-protetivo-e-alcalino-a-de-base-agua","status":"publish","type":"product","link":"https:\/\/solutio.ind.br\/site\/produto\/sol-sd-84-desengraxante-protetivo-e-alcalino-a-de-base-agua\/","title":{"rendered":"SOL SD 84 &#8211; Desengraxante protetivo e alcalino \u00e0 de base \u00e1gua"},"content":{"rendered":"","protected":false},"excerpt":{"rendered":"<h4>Ideal para pe\u00e7as estocadas em ambientes fechados<\/h4>\n<p>O SOL SD 84 \u00e9 um desengraxante alcalino, facilmente sol\u00favel em \u00e1gua. Indicado para pe\u00e7as estocadas em ambientes fechados, al\u00e9m de desengraxar, protege contra corros\u00e3o. Confere \u00f3tima prote\u00e7\u00e3o, boa umecta\u00e7\u00e3o e forma uma solu\u00e7\u00e3o est\u00e1vel. O SOL SD 84 apresenta melhores resultados quando aplicado em temperaturas de 40 a 65\u00baC, por imers\u00e3o ou pulveriza\u00e7\u00e3o. Sua dilui\u00e7\u00e3o em \u00e1gua est\u00e1 relacionada ao n\u00edvel de prote\u00e7\u00e3o desejada.<\/p>\n<p><span class=\"posted_in\"><a href=\"https:\/\/solutio.ind.br\/site\/categoria-produto\/linha\/produtos-solventes-e-desengraxantes-linha-sol-sd\/\" rel=\"tag\">PRODUTOS SOLVENTES E DESENGRAXANTES &#8211; LINHA SOL SD<\/a><\/span><\/p>\n<p>Segmentos: <span class=\"posted_in\"><a href=\"https:\/\/solutio.ind.br\/site\/categoria-produto\/segmentos\/agronegocio\/\" rel=\"tag\">Agroneg\u00f3cio<\/a>,\u00a0<a href=\"https:\/\/solutio.ind.br\/site\/categoria-produto\/segmentos\/alimenticia\/\" rel=\"tag\">Aliment\u00edcia<\/a>,\u00a0<a href=\"https:\/\/solutio.ind.br\/site\/categoria-produto\/segmentos\/autopeca\/\" rel=\"tag\">Autope\u00e7a<\/a>,\u00a0<a href=\"https:\/\/solutio.ind.br\/site\/categoria-produto\/segmentos\/calderaria\/\" rel=\"tag\">Calderaria<\/a>,\u00a0<a href=\"https:\/\/solutio.ind.br\/site\/categoria-produto\/segmentos\/eolica\/\" rel=\"tag\">E\u00f3lica<\/a>,\u00a0<\/span><br \/>\n<span class=\"posted_in\"><a href=\"https:\/\/solutio.ind.br\/site\/categoria-produto\/segmentos\/farmaceutica\/\" rel=\"tag\">Farmac\u00eautica<\/a>, <\/span><span class=\"posted_in\"><a href=\"https:\/\/solutio.ind.br\/site\/categoria-produto\/segmentos\/frigorificos\/\" rel=\"tag\">Frigor\u00edficos<\/a>,\u00a0<\/span> <span class=\"posted_in\"><a href=\"https:\/\/solutio.ind.br\/site\/categoria-produto\/segmentos\/hospitalar\/\" rel=\"tag\">Hospitalar<\/a>,\u00a0<\/span><span class=\"posted_in\"><a href=\"https:\/\/solutio.ind.br\/site\/categoria-produto\/segmentos\/hotelaria\/\" rel=\"tag\">Hotelaria<\/a>,\u00a0<\/span><span class=\"posted_in\"><a href=\"https:\/\/solutio.ind.br\/site\/categoria-produto\/segmentos\/industria-aeronautica\/\" rel=\"tag\">Ind\u00fastria aeron\u00e1utica<\/a>,\u00a0<\/span><br \/>\n<span class=\"posted_in\"><a href=\"https:\/\/solutio.ind.br\/site\/categoria-produto\/segmentos\/industria-de-plasticos\/\" rel=\"tag\">Ind\u00fastria de Pl\u00e1sticos<\/a>,\u00a0<a href=\"https:\/\/solutio.ind.br\/site\/categoria-produto\/segmentos\/industria-naval\/\" rel=\"tag\">Ind\u00fastria Naval<\/a>,\u00a0<a href=\"https:\/\/solutio.ind.br\/site\/categoria-produto\/segmentos\/lavanderia-industrial\/\" rel=\"tag\">Lavanderia Industrial<\/a>,\u00a0<a href=\"https:\/\/solutio.ind.br\/site\/categoria-produto\/segmentos\/manutencao-predial\/\" rel=\"tag\">Manuten\u00e7\u00e3o Predial<\/a>,\u00a0<a href=\"https:\/\/solutio.ind.br\/site\/categoria-produto\/segmentos\/metalurgia\/\" rel=\"tag\">Metalurgia<\/a>, <a href=\"https:\/\/solutio.ind.br\/site\/categoria-produto\/segmentos\/refrigeracao\/\" rel=\"tag\">Refrigera\u00e7\u00e3o<\/a>,\u00a0<a href=\"https:\/\/solutio.ind.br\/site\/categoria-produto\/segmentos\/siderurgia\/\" rel=\"tag\">Siderurgia<\/a>, <a href=\"https:\/\/solutio.ind.br\/site\/categoria-produto\/segmentos\/tintas\/\" rel=\"tag\">Tintas<\/a><\/span><\/p>\n","protected":false},"featured_media":0,"template":"","meta":{"om_disable_all_campaigns":false},"product_cat":[67,58,87,76,73,89,83,86,79,77,85,81,78,82,90,80,75,88,74,84],"product_tag":[331,332,330],"class_list":{"0":"post-1602","1":"product","2":"type-product","3":"status-publish","5":"product_cat-solventes-desengraxantes-e-decapantes","6":"product_cat-produtos-solventes-e-desengraxantes-linha-sol-sd","7":"product_cat-agronegocio","8":"product_cat-alimenticia","9":"product_cat-autopecas","10":"product_cat-calderaria","11":"product_cat-eolica","12":"product_cat-farmaceutica","13":"product_cat-frigorificos","14":"product_cat-hospitalar","15":"product_cat-hotelaria","16":"product_cat-industria-aeronautica","17":"product_cat-industria-de-plasticos","18":"product_cat-industria-naval","19":"product_cat-lavanderia-industrial","20":"product_cat-manutencao-predial","21":"product_cat-metalurgia","22":"product_cat-refrigeracao","23":"product_cat-siderurgia","24":"product_cat-tintas","25":"product_tag-desengraxante-a-base-de-agua","26":"product_tag-desengraxante-a-base-de-agua-para-ambientes-fechados","27":"product_tag-desengraxante-protetivo","29":"first","30":"instock","31":"shipping-taxable","32":"product-type-simple"},"_links":{"self":[{"href":"https:\/\/solutio.ind.br\/site\/wp-json\/wp\/v2\/product\/1602","targetHints":{"allow":["GET"]}}],"collection":[{"href":"https:\/\/solutio.ind.br\/site\/wp-json\/wp\/v2\/product"}],"about":[{"href":"https:\/\/solutio.ind.br\/site\/wp-json\/wp\/v2\/types\/product"}],"wp:attachment":[{"href":"https:\/\/solutio.ind.br\/site\/wp-json\/wp\/v2\/media?parent=1602"}],"wp:term":[{"taxonomy":"product_cat","embeddable":true,"href":"https:\/\/solutio.ind.br\/site\/wp-json\/wp\/v2\/product_cat?post=1602"},{"taxonomy":"product_tag","embeddable":true,"href":"https:\/\/solutio.ind.br\/site\/wp-json\/wp\/v2\/product_tag?post=1602"}],"curies":[{"name":"wp","href":"https:\/\/api.w.org\/{rel}","templated":true}]}}